{"id":1686,"date":"2022-09-10T21:57:25","date_gmt":"2022-09-10T21:57:25","guid":{"rendered":"https:\/\/www.rhbrasil.com.br\/site\/new\/?page_id=1686"},"modified":"2022-10-12T16:59:35","modified_gmt":"2022-10-12T16:59:35","slug":"area-restrita","status":"publish","type":"page","link":"http:\/\/srvwebde.rhbrasil.com.br\/site\/new\/area-restrita\/","title":{"rendered":"\u00c1rea Restrita"},"content":{"rendered":"\t\t<div data-elementor-type=\"wp-page\" data-elementor-id=\"1686\" class=\"elementor elementor-1686\">\n\t\t\t\t\t\t\t\t\t<section class=\"elementor-section elementor-top-section elementor-element elementor-element-ac42f68 elementor-section-boxed elementor-section-height-default elementor-section-height-default\" data-id=\"ac42f68\" data-element_type=\"section\">\n\t\t\t\t\t\t<div class=\"elementor-container elementor-column-gap-no\">\n\t\t\t\t\t<div class=\"elementor-column elementor-col-50 elementor-top-column elementor-element elementor-element-8c1694c\" data-id=\"8c1694c\" data-element_type=\"column\">\n\t\t\t<div class=\"elementor-widget-wrap elementor-element-populated\">\n\t\t\t\t\t\t\t\t<div class=\"elementor-element elementor-element-a75eabe elementor-widget elementor-widget-html\" data-id=\"a75eabe\" data-element_type=\"widget\" data-widget_type=\"html.default\">\n\t\t\t\t<div class=\"elementor-widget-container\">\n\t\t\t<svg xmlns=\"http:\/\/www.w3.org\/2000\/svg\" width=\"13\" height=\"13\" viewBox=\"0 0 13 13\">\r\n  <circle id=\"Dot-RH\" cx=\"6.5\" cy=\"6.5\" r=\"6.5\" fill=\"#13355b\"\/>\r\n<\/svg>\r\n\t\t<\/div>\n\t\t\t\t<\/div>\n\t\t\t\t<div class=\"elementor-element elementor-element-de42b01 elementor-widget elementor-widget-heading\" data-id=\"de42b01\" data-element_type=\"widget\" data-widget_type=\"heading.default\">\n\t\t\t\t<div class=\"elementor-widget-container\">\n\t\t\t<style>\/*! elementor - v3.8.0 - 30-10-2022 *\/\n.elementor-heading-title{padding:0;margin:0;line-height:1}.elementor-widget-heading .elementor-heading-title[class*=elementor-size-]>a{color:inherit;font-size:inherit;line-height:inherit}.elementor-widget-heading .elementor-heading-title.elementor-size-small{font-size:15px}.elementor-widget-heading .elementor-heading-title.elementor-size-medium{font-size:19px}.elementor-widget-heading .elementor-heading-title.elementor-size-large{font-size:29px}.elementor-widget-heading .elementor-heading-title.elementor-size-xl{font-size:39px}.elementor-widget-heading .elementor-heading-title.elementor-size-xxl{font-size:59px}<\/style><h2 class=\"elementor-heading-title elementor-size-default\">\u00c1rea\nRestrita\n<\/h2>\t\t<\/div>\n\t\t\t\t<\/div>\n\t\t\t\t<div class=\"elementor-element elementor-element-fffcb3a elementor-widget elementor-widget-text-editor\" data-id=\"fffcb3a\" data-element_type=\"widget\" data-widget_type=\"text-editor.default\">\n\t\t\t\t<div class=\"elementor-widget-container\">\n\t\t\t<style>\/*! elementor - v3.8.0 - 30-10-2022 *\/\n.elementor-widget-text-editor.elementor-drop-cap-view-stacked .elementor-drop-cap{background-color:#818a91;color:#fff}.elementor-widget-text-editor.elementor-drop-cap-view-framed .elementor-drop-cap{color:#818a91;border:3px solid;background-color:transparent}.elementor-widget-text-editor:not(.elementor-drop-cap-view-default) .elementor-drop-cap{margin-top:8px}.elementor-widget-text-editor:not(.elementor-drop-cap-view-default) .elementor-drop-cap-letter{width:1em;height:1em}.elementor-widget-text-editor .elementor-drop-cap{float:left;text-align:center;line-height:1;font-size:50px}.elementor-widget-text-editor .elementor-drop-cap-letter{display:inline-block}<\/style>\t\t\t\t<p>\u00c1rea \u00e9 destinada a <strong>clientes<\/strong> e <strong>colaboradores<\/strong> da RHBrasil<\/p>\t\t\t\t\t\t<\/div>\n\t\t\t\t<\/div>\n\t\t\t\t<div class=\"elementor-element elementor-element-d35be4d elementor-widget elementor-widget-html\" data-id=\"d35be4d\" data-element_type=\"widget\" data-widget_type=\"html.default\">\n\t\t\t\t<div class=\"elementor-widget-container\">\n\t\t\t<a href=\"#content\">\n    <svg xmlns=\"http:\/\/www.w3.org\/2000\/svg\" width=\"23\" height=\"41\" viewBox=\"0 0 23 41\">\n  <g id=\"seta\" transform=\"translate(-996 -447)\">\n    <path id=\"Ret\u00e2ngulo_1106\" data-name=\"Ret\u00e2ngulo 1106\" d=\"M11.5,1A10.512,10.512,0,0,0,1,11.5v18a10.5,10.5,0,0,0,21,0v-18A10.512,10.512,0,0,0,11.5,1m0-1A11.5,11.5,0,0,1,23,11.5v18a11.5,11.5,0,0,1-23,0v-18A11.5,11.5,0,0,1,11.5,0Z\" transform=\"translate(996 447)\" fill=\"#13355B\"\/>\n    <g id=\"arrow-up-short\" transform=\"translate(1023.457 480.601) rotate(180)\">\n      <path id=\"Caminho_201\" data-name=\"Caminho 201\" d=\"M15.217,10.361a.809.809,0,0,1,1.146,0l4.856,4.856a.81.81,0,1,1-1.146,1.146L15.79,12.079l-4.284,4.284a.81.81,0,1,1-1.146-1.146l4.856-4.856Z\" transform=\"translate(0)\" fill=\"#13355B\" fill-rule=\"evenodd\"\/>\n    <\/g>\n  <\/g>\n<\/svg>\n\n    \n<\/a>\t\t<\/div>\n\t\t\t\t<\/div>\n\t\t\t\t\t<\/div>\n\t\t<\/div>\n\t\t\t\t<div class=\"elementor-column elementor-col-50 elementor-top-column elementor-element elementor-element-d7237a2\" data-id=\"d7237a2\" data-element_type=\"column\">\n\t\t\t<div class=\"elementor-widget-wrap elementor-element-populated\">\n\t\t\t\t\t\t\t\t<div class=\"elementor-element elementor-element-4fae659 elementor-widget elementor-widget-image\" data-id=\"4fae659\" data-element_type=\"widget\" data-widget_type=\"image.default\">\n\t\t\t\t<div class=\"elementor-widget-container\">\n\t\t\t<style>\/*! elementor - v3.8.0 - 30-10-2022 *\/\n.elementor-widget-image{text-align:center}.elementor-widget-image a{display:inline-block}.elementor-widget-image a img[src$=\".svg\"]{width:48px}.elementor-widget-image img{vertical-align:middle;display:inline-block}<\/style>\t\t\t\t\t\t\t\t\t\t\t\t<img width=\"500\" height=\"603\" src=\"http:\/\/srvwebde.rhbrasil.com.br\/site\/new\/wp-content\/uploads\/2022\/09\/area-restrita.png\" class=\"attachment-large size-large\" alt=\"\" loading=\"lazy\" srcset=\"http:\/\/srvwebde.rhbrasil.com.br\/site\/new\/wp-content\/uploads\/2022\/09\/area-restrita.png 500w, http:\/\/srvwebde.rhbrasil.com.br\/site\/new\/wp-content\/uploads\/2022\/09\/area-restrita-249x300.png 249w\" sizes=\"(max-width: 500px) 100vw, 500px\" \/>\t\t\t\t\t\t\t\t\t\t\t\t\t\t\t<\/div>\n\t\t\t\t<\/div>\n\t\t\t\t\t<\/div>\n\t\t<\/div>\n\t\t\t\t\t\t\t<\/div>\n\t\t<\/section>\n\t\t\t\t<section class=\"elementor-section elementor-top-section elementor-element elementor-element-73a94aa elementor-section-boxed elementor-section-height-default elementor-section-height-default\" data-id=\"73a94aa\" data-element_type=\"section\" data-settings=\"{&quot;background_background&quot;:&quot;classic&quot;}\">\n\t\t\t\t\t\t<div class=\"elementor-container elementor-column-gap-default\">\n\t\t\t\t\t<div class=\"elementor-column elementor-col-100 elementor-top-column elementor-element elementor-element-df145ce\" data-id=\"df145ce\" data-element_type=\"column\">\n\t\t\t<div class=\"elementor-widget-wrap elementor-element-populated\">\n\t\t\t\t\t\t\t\t<div class=\"elementor-element elementor-element-d4cbdf2 elementor-widget elementor-widget-menu-anchor\" data-id=\"d4cbdf2\" data-element_type=\"widget\" data-widget_type=\"menu-anchor.default\">\n\t\t\t\t<div class=\"elementor-widget-container\">\n\t\t\t<style>\/*! elementor - v3.8.0 - 30-10-2022 *\/\nbody.elementor-page .elementor-widget-menu-anchor{margin-bottom:0}<\/style>\t\t<div id=\"content\" class=\"elementor-menu-anchor\"><\/div>\n\t\t\t\t<\/div>\n\t\t\t\t<\/div>\n\t\t\t\t\t<\/div>\n\t\t<\/div>\n\t\t\t\t\t\t\t<\/div>\n\t\t<\/section>\n\t\t\t\t<section class=\"elementor-section elementor-top-section elementor-element elementor-element-2500420 elementor-section-boxed elementor-section-height-default elementor-section-height-default\" data-id=\"2500420\" data-element_type=\"section\" data-settings=\"{&quot;background_background&quot;:&quot;classic&quot;}\">\n\t\t\t\t\t\t<div class=\"elementor-container elementor-column-gap-wide\">\n\t\t\t\t\t<div class=\"elementor-column elementor-col-25 elementor-top-column elementor-element elementor-element-e0375f1 coluna\" data-id=\"e0375f1\" data-element_type=\"column\" data-settings=\"{&quot;background_background&quot;:&quot;gradient&quot;}\">\n\t\t\t<div class=\"elementor-widget-wrap elementor-element-populated\">\n\t\t\t\t\t\t\t\t<div class=\"elementor-element elementor-element-ddb67fe elementor-widget elementor-widget-image\" data-id=\"ddb67fe\" data-element_type=\"widget\" data-widget_type=\"image.default\">\n\t\t\t\t<div class=\"elementor-widget-container\">\n\t\t\t\t\t\t\t\t\t\t\t\t\t\t\t<img width=\"224\" height=\"200\" src=\"http:\/\/srvwebde.rhbrasil.com.br\/site\/new\/wp-content\/uploads\/2022\/09\/holerite.png\" class=\"attachment-large size-large\" alt=\"\" loading=\"lazy\" \/>\t\t\t\t\t\t\t\t\t\t\t\t\t\t\t<\/div>\n\t\t\t\t<\/div>\n\t\t\t\t<div class=\"elementor-element elementor-element-aebecc0 elementor-widget elementor-widget-heading\" data-id=\"aebecc0\" data-element_type=\"widget\" data-widget_type=\"heading.default\">\n\t\t\t\t<div class=\"elementor-widget-container\">\n\t\t\t<h2 class=\"elementor-heading-title elementor-size-default\">Holerite\n<\/h2>\t\t<\/div>\n\t\t\t\t<\/div>\n\t\t\t\t<div class=\"elementor-element elementor-element-02bc144 elementor-widget elementor-widget-text-editor\" data-id=\"02bc144\" data-element_type=\"widget\" data-widget_type=\"text-editor.default\">\n\t\t\t\t<div class=\"elementor-widget-container\">\n\t\t\t\t\t\t\t<p>Agora o holerite est\u00e1 no Portal do Candidato!<\/p>\t\t\t\t\t\t<\/div>\n\t\t\t\t<\/div>\n\t\t\t\t<div class=\"elementor-element elementor-element-ca70a66 elementor-align-justify elementor-widget elementor-widget-button\" data-id=\"ca70a66\" data-element_type=\"widget\" data-widget_type=\"button.default\">\n\t\t\t\t<div class=\"elementor-widget-container\">\n\t\t\t\t\t<div class=\"elementor-button-wrapper\">\n\t\t\t<a href=\"https:\/\/www.rhbrasil.com.br\/portaldocandidato\/view\/login.php\" target=\"_blank\" class=\"elementor-button-link elementor-button elementor-size-sm\" role=\"button\">\n\t\t\t\t\t\t<span class=\"elementor-button-content-wrapper\">\n\t\t\t\t\t\t\t<span class=\"elementor-button-icon elementor-align-icon-right\">\n\t\t\t\t<i aria-hidden=\"true\" class=\"fas fa-arrow-right\"><\/i>\t\t\t<\/span>\n\t\t\t\t\t\t<span class=\"elementor-button-text\">Acessar<\/span>\n\t\t<\/span>\n\t\t\t\t\t<\/a>\n\t\t<\/div>\n\t\t\t\t<\/div>\n\t\t\t\t<\/div>\n\t\t\t\t\t<\/div>\n\t\t<\/div>\n\t\t\t\t<div class=\"elementor-column elementor-col-25 elementor-top-column elementor-element elementor-element-c125e97 coluna\" data-id=\"c125e97\" data-element_type=\"column\" data-settings=\"{&quot;background_background&quot;:&quot;gradient&quot;}\">\n\t\t\t<div class=\"elementor-widget-wrap elementor-element-populated\">\n\t\t\t\t\t\t\t\t<div class=\"elementor-element elementor-element-878383c elementor-widget elementor-widget-image\" data-id=\"878383c\" data-element_type=\"widget\" data-widget_type=\"image.default\">\n\t\t\t\t<div class=\"elementor-widget-container\">\n\t\t\t\t\t\t\t\t\t\t\t\t\t\t\t<img width=\"224\" height=\"200\" src=\"http:\/\/srvwebde.rhbrasil.com.br\/site\/new\/wp-content\/uploads\/2022\/09\/portaldocliente.png\" class=\"attachment-large size-large\" alt=\"\" loading=\"lazy\" \/>\t\t\t\t\t\t\t\t\t\t\t\t\t\t\t<\/div>\n\t\t\t\t<\/div>\n\t\t\t\t<div class=\"elementor-element elementor-element-d3600d1 elementor-widget elementor-widget-heading\" data-id=\"d3600d1\" data-element_type=\"widget\" data-widget_type=\"heading.default\">\n\t\t\t\t<div class=\"elementor-widget-container\">\n\t\t\t<h2 class=\"elementor-heading-title elementor-size-default\">Portal do Cliente<\/h2>\t\t<\/div>\n\t\t\t\t<\/div>\n\t\t\t\t<div class=\"elementor-element elementor-element-e487399 elementor-widget elementor-widget-text-editor\" data-id=\"e487399\" data-element_type=\"widget\" data-widget_type=\"text-editor.default\">\n\t\t\t\t<div class=\"elementor-widget-container\">\n\t\t\t\t\t\t\t<p>Acesse o novo Portal do Cliente!<\/p>\t\t\t\t\t\t<\/div>\n\t\t\t\t<\/div>\n\t\t\t\t<div class=\"elementor-element elementor-element-3b2a108 elementor-align-justify elementor-widget elementor-widget-button\" data-id=\"3b2a108\" data-element_type=\"widget\" data-widget_type=\"button.default\">\n\t\t\t\t<div class=\"elementor-widget-container\">\n\t\t\t\t\t<div class=\"elementor-button-wrapper\">\n\t\t\t<a href=\"https:\/\/www.rhbrasil.com.br\/portal_cliente\/\" target=\"_blank\" class=\"elementor-button-link elementor-button elementor-size-sm\" role=\"button\">\n\t\t\t\t\t\t<span class=\"elementor-button-content-wrapper\">\n\t\t\t\t\t\t\t<span class=\"elementor-button-icon elementor-align-icon-right\">\n\t\t\t\t<i aria-hidden=\"true\" class=\"fas fa-arrow-right\"><\/i>\t\t\t<\/span>\n\t\t\t\t\t\t<span class=\"elementor-button-text\">Acessar<\/span>\n\t\t<\/span>\n\t\t\t\t\t<\/a>\n\t\t<\/div>\n\t\t\t\t<\/div>\n\t\t\t\t<\/div>\n\t\t\t\t\t<\/div>\n\t\t<\/div>\n\t\t\t\t<div class=\"elementor-column elementor-col-25 elementor-top-column elementor-element elementor-element-78c0392 coluna\" data-id=\"78c0392\" data-element_type=\"column\" data-settings=\"{&quot;background_background&quot;:&quot;gradient&quot;}\">\n\t\t\t<div class=\"elementor-widget-wrap elementor-element-populated\">\n\t\t\t\t\t\t\t\t<div class=\"elementor-element elementor-element-2f8bca8 elementor-widget elementor-widget-image\" data-id=\"2f8bca8\" data-element_type=\"widget\" data-widget_type=\"image.default\">\n\t\t\t\t<div class=\"elementor-widget-container\">\n\t\t\t\t\t\t\t\t\t\t\t\t\t\t\t<img width=\"224\" height=\"200\" src=\"http:\/\/srvwebde.rhbrasil.com.br\/site\/new\/wp-content\/uploads\/2022\/09\/saas.png\" class=\"attachment-large size-large\" alt=\"\" loading=\"lazy\" \/>\t\t\t\t\t\t\t\t\t\t\t\t\t\t\t<\/div>\n\t\t\t\t<\/div>\n\t\t\t\t<div class=\"elementor-element elementor-element-9864469 elementor-widget elementor-widget-heading\" data-id=\"9864469\" data-element_type=\"widget\" data-widget_type=\"heading.default\">\n\t\t\t\t<div class=\"elementor-widget-container\">\n\t\t\t<h2 class=\"elementor-heading-title elementor-size-default\">RHBSaas<\/h2>\t\t<\/div>\n\t\t\t\t<\/div>\n\t\t\t\t<div class=\"elementor-element elementor-element-c5aa5b0 elementor-widget elementor-widget-text-editor\" data-id=\"c5aa5b0\" data-element_type=\"widget\" data-widget_type=\"text-editor.default\">\n\t\t\t\t<div class=\"elementor-widget-container\">\n\t\t\t\t\t\t\t<p>Acesso para <strong>Colaboradores RHBrasil<\/strong><\/p>\t\t\t\t\t\t<\/div>\n\t\t\t\t<\/div>\n\t\t\t\t<div class=\"elementor-element elementor-element-0448848 elementor-align-justify elementor-widget elementor-widget-button\" data-id=\"0448848\" data-element_type=\"widget\" data-widget_type=\"button.default\">\n\t\t\t\t<div class=\"elementor-widget-container\">\n\t\t\t\t\t<div class=\"elementor-button-wrapper\">\n\t\t\t<a href=\"https:\/\/www.rhbrasil.com.br\/rhbsaas\/\" target=\"_blank\" class=\"elementor-button-link elementor-button elementor-size-sm\" role=\"button\">\n\t\t\t\t\t\t<span class=\"elementor-button-content-wrapper\">\n\t\t\t\t\t\t\t<span class=\"elementor-button-icon elementor-align-icon-right\">\n\t\t\t\t<i aria-hidden=\"true\" class=\"fas fa-arrow-right\"><\/i>\t\t\t<\/span>\n\t\t\t\t\t\t<span class=\"elementor-button-text\">Acessar<\/span>\n\t\t<\/span>\n\t\t\t\t\t<\/a>\n\t\t<\/div>\n\t\t\t\t<\/div>\n\t\t\t\t<\/div>\n\t\t\t\t\t<\/div>\n\t\t<\/div>\n\t\t\t\t<div class=\"elementor-column elementor-col-25 elementor-top-column elementor-element elementor-element-d1436f7 coluna\" data-id=\"d1436f7\" data-element_type=\"column\" data-settings=\"{&quot;background_background&quot;:&quot;gradient&quot;}\">\n\t\t\t<div class=\"elementor-widget-wrap elementor-element-populated\">\n\t\t\t\t\t\t\t\t<div class=\"elementor-element elementor-element-8d3ffcd elementor-widget elementor-widget-image\" data-id=\"8d3ffcd\" data-element_type=\"widget\" data-widget_type=\"image.default\">\n\t\t\t\t<div class=\"elementor-widget-container\">\n\t\t\t\t\t\t\t\t\t\t\t\t\t\t\t<img width=\"224\" height=\"200\" src=\"http:\/\/srvwebde.rhbrasil.com.br\/site\/new\/wp-content\/uploads\/2022\/09\/webmail.png\" class=\"attachment-large size-large\" alt=\"\" loading=\"lazy\" \/>\t\t\t\t\t\t\t\t\t\t\t\t\t\t\t<\/div>\n\t\t\t\t<\/div>\n\t\t\t\t<div class=\"elementor-element elementor-element-3f73bcf elementor-widget elementor-widget-heading\" data-id=\"3f73bcf\" data-element_type=\"widget\" data-widget_type=\"heading.default\">\n\t\t\t\t<div class=\"elementor-widget-container\">\n\t\t\t<h2 class=\"elementor-heading-title elementor-size-default\">Webmail<\/h2>\t\t<\/div>\n\t\t\t\t<\/div>\n\t\t\t\t<div class=\"elementor-element elementor-element-9e84098 elementor-widget elementor-widget-text-editor\" data-id=\"9e84098\" data-element_type=\"widget\" data-widget_type=\"text-editor.default\">\n\t\t\t\t<div class=\"elementor-widget-container\">\n\t\t\t\t\t\t\t<p>Acesso para <strong>colaboradores RHBrasil<\/strong><\/p>\t\t\t\t\t\t<\/div>\n\t\t\t\t<\/div>\n\t\t\t\t<div class=\"elementor-element elementor-element-711b47b elementor-align-justify elementor-widget elementor-widget-button\" data-id=\"711b47b\" data-element_type=\"widget\" data-widget_type=\"button.default\">\n\t\t\t\t<div class=\"elementor-widget-container\">\n\t\t\t\t\t<div class=\"elementor-button-wrapper\">\n\t\t\t<a href=\"https:\/\/webmail.rhbrasil.com.br\/owa\/\" target=\"_blank\" class=\"elementor-button-link elementor-button elementor-size-sm\" role=\"button\">\n\t\t\t\t\t\t<span class=\"elementor-button-content-wrapper\">\n\t\t\t\t\t\t\t<span class=\"elementor-button-icon elementor-align-icon-right\">\n\t\t\t\t<i aria-hidden=\"true\" class=\"fas fa-arrow-right\"><\/i>\t\t\t<\/span>\n\t\t\t\t\t\t<span class=\"elementor-button-text\">Acessar<\/span>\n\t\t<\/span>\n\t\t\t\t\t<\/a>\n\t\t<\/div>\n\t\t\t\t<\/div>\n\t\t\t\t<\/div>\n\t\t\t\t\t<\/div>\n\t\t<\/div>\n\t\t\t\t\t\t\t<\/div>\n\t\t<\/section>\n\t\t\t\t\t\t\t<\/div>\n\t\t","protected":false},"excerpt":{"rendered":"<p>\u00c1rea Restrita \u00c1rea \u00e9 destinada a clientes e colaboradores da RHBrasil Holerite Agora o holerite est\u00e1 no Portal do Candidato! Acessar Portal do Cliente Acesse o novo Portal do Cliente! Acessar RHBSaas Acesso para Colaboradores RHBrasil Acessar Webmail Acesso para colaboradores RHBrasil Acessar<\/p>\n","protected":false},"author":1,"featured_media":0,"parent":0,"menu_order":0,"comment_status":"closed","ping_status":"closed","template":"elementor_header_footer","meta":[],"yoast_head":"<!-- This site is optimized with the Yoast SEO plugin v20.1 - https:\/\/yoast.com\/wordpress\/plugins\/seo\/ -->\n<title>\u00c1rea Restrita - RHBrasil<\/title>\n<meta name=\"robots\" content=\"index, follow, max-snippet:-1, max-image-preview:large, max-video-preview:-1\" \/>\n<link rel=\"canonical\" href=\"http:\/\/srvwebde.rhbrasil.com.br\/site\/new\/area-restrita\/\" \/>\n<meta property=\"og:locale\" content=\"pt_PT\" \/>\n<meta property=\"og:type\" content=\"article\" \/>\n<meta property=\"og:title\" content=\"\u00c1rea Restrita - RHBrasil\" \/>\n<meta property=\"og:description\" content=\"\u00c1rea Restrita \u00c1rea \u00e9 destinada a clientes e colaboradores da RHBrasil Holerite Agora o holerite est\u00e1 no Portal do Candidato! Acessar Portal do Cliente Acesse o novo Portal do Cliente! Acessar RHBSaas Acesso para Colaboradores RHBrasil Acessar Webmail Acesso para colaboradores RHBrasil Acessar\" \/>\n<meta property=\"og:url\" content=\"http:\/\/srvwebde.rhbrasil.com.br\/site\/new\/area-restrita\/\" \/>\n<meta property=\"og:site_name\" content=\"RHBrasil\" \/>\n<meta property=\"article:publisher\" content=\"https:\/\/www.facebook.com\/gruporhbrasil\/\" \/>\n<meta property=\"article:modified_time\" content=\"2022-10-12T16:59:35+00:00\" \/>\n<meta property=\"og:image\" content=\"https:\/\/www.rhbrasil.com.br\/site\/new\/wp-content\/uploads\/2022\/09\/area-restrita.png\" \/>\n<meta name=\"twitter:card\" content=\"summary_large_image\" \/>\n<script type=\"application\/ld+json\" class=\"yoast-schema-graph\">{\"@context\":\"https:\/\/schema.org\",\"@graph\":[{\"@type\":\"WebPage\",\"@id\":\"http:\/\/srvwebde.rhbrasil.com.br\/site\/new\/area-restrita\/\",\"url\":\"http:\/\/srvwebde.rhbrasil.com.br\/site\/new\/area-restrita\/\",\"name\":\"\u00c1rea Restrita - RHBrasil\",\"isPartOf\":{\"@id\":\"https:\/\/srvwebde.rhbrasil.com.br\/site\/new\/#website\"},\"datePublished\":\"2022-09-10T21:57:25+00:00\",\"dateModified\":\"2022-10-12T16:59:35+00:00\",\"breadcrumb\":{\"@id\":\"http:\/\/srvwebde.rhbrasil.com.br\/site\/new\/area-restrita\/#breadcrumb\"},\"inLanguage\":\"pt-PT\",\"potentialAction\":[{\"@type\":\"ReadAction\",\"target\":[\"http:\/\/srvwebde.rhbrasil.com.br\/site\/new\/area-restrita\/\"]}]},{\"@type\":\"BreadcrumbList\",\"@id\":\"http:\/\/srvwebde.rhbrasil.com.br\/site\/new\/area-restrita\/#breadcrumb\",\"itemListElement\":[{\"@type\":\"ListItem\",\"position\":1,\"name\":\"Home\",\"item\":\"https:\/\/srvwebde.rhbrasil.com.br\/site\/new\/\"},{\"@type\":\"ListItem\",\"position\":2,\"name\":\"\u00c1rea Restrita\"}]},{\"@type\":\"WebSite\",\"@id\":\"https:\/\/srvwebde.rhbrasil.com.br\/site\/new\/#website\",\"url\":\"https:\/\/srvwebde.rhbrasil.com.br\/site\/new\/\",\"name\":\"RHBrasil\",\"description\":\"Autonomia e Agilidade na contrata\u00e7\u00e3o\",\"publisher\":{\"@id\":\"https:\/\/srvwebde.rhbrasil.com.br\/site\/new\/#organization\"},\"potentialAction\":[{\"@type\":\"SearchAction\",\"target\":{\"@type\":\"EntryPoint\",\"urlTemplate\":\"https:\/\/srvwebde.rhbrasil.com.br\/site\/new\/?s={search_term_string}\"},\"query-input\":\"required name=search_term_string\"}],\"inLanguage\":\"pt-PT\"},{\"@type\":\"Organization\",\"@id\":\"https:\/\/srvwebde.rhbrasil.com.br\/site\/new\/#organization\",\"name\":\"RHBrasil\",\"url\":\"https:\/\/srvwebde.rhbrasil.com.br\/site\/new\/\",\"logo\":{\"@type\":\"ImageObject\",\"inLanguage\":\"pt-PT\",\"@id\":\"https:\/\/srvwebde.rhbrasil.com.br\/site\/new\/#\/schema\/logo\/image\/\",\"url\":\"http:\/\/srvwebde.rhbrasil.com.br\/site\/new\/wp-content\/uploads\/2022\/09\/logo_coloridorhbrasil.png\",\"contentUrl\":\"http:\/\/srvwebde.rhbrasil.com.br\/site\/new\/wp-content\/uploads\/2022\/09\/logo_coloridorhbrasil.png\",\"width\":150,\"height\":43,\"caption\":\"RHBrasil\"},\"image\":{\"@id\":\"https:\/\/srvwebde.rhbrasil.com.br\/site\/new\/#\/schema\/logo\/image\/\"},\"sameAs\":[\"https:\/\/www.facebook.com\/gruporhbrasil\/\"]}]}<\/script>\n<!-- \/ Yoast SEO plugin. -->","yoast_head_json":{"title":"\u00c1rea Restrita - RHBrasil","robots":{"index":"index","follow":"follow","max-snippet":"max-snippet:-1","max-image-preview":"max-image-preview:large","max-video-preview":"max-video-preview:-1"},"canonical":"http:\/\/srvwebde.rhbrasil.com.br\/site\/new\/area-restrita\/","og_locale":"pt_PT","og_type":"article","og_title":"\u00c1rea Restrita - RHBrasil","og_description":"\u00c1rea Restrita \u00c1rea \u00e9 destinada a clientes e colaboradores da RHBrasil Holerite Agora o holerite est\u00e1 no Portal do Candidato! Acessar Portal do Cliente Acesse o novo Portal do Cliente! Acessar RHBSaas Acesso para Colaboradores RHBrasil Acessar Webmail Acesso para colaboradores RHBrasil Acessar","og_url":"http:\/\/srvwebde.rhbrasil.com.br\/site\/new\/area-restrita\/","og_site_name":"RHBrasil","article_publisher":"https:\/\/www.facebook.com\/gruporhbrasil\/","article_modified_time":"2022-10-12T16:59:35+00:00","og_image":[{"url":"https:\/\/www.rhbrasil.com.br\/site\/new\/wp-content\/uploads\/2022\/09\/area-restrita.png"}],"twitter_card":"summary_large_image","schema":{"@context":"https:\/\/schema.org","@graph":[{"@type":"WebPage","@id":"http:\/\/srvwebde.rhbrasil.com.br\/site\/new\/area-restrita\/","url":"http:\/\/srvwebde.rhbrasil.com.br\/site\/new\/area-restrita\/","name":"\u00c1rea Restrita - RHBrasil","isPartOf":{"@id":"https:\/\/srvwebde.rhbrasil.com.br\/site\/new\/#website"},"datePublished":"2022-09-10T21:57:25+00:00","dateModified":"2022-10-12T16:59:35+00:00","breadcrumb":{"@id":"http:\/\/srvwebde.rhbrasil.com.br\/site\/new\/area-restrita\/#breadcrumb"},"inLanguage":"pt-PT","potentialAction":[{"@type":"ReadAction","target":["http:\/\/srvwebde.rhbrasil.com.br\/site\/new\/area-restrita\/"]}]},{"@type":"BreadcrumbList","@id":"http:\/\/srvwebde.rhbrasil.com.br\/site\/new\/area-restrita\/#breadcrumb","itemListElement":[{"@type":"ListItem","position":1,"name":"Home","item":"https:\/\/srvwebde.rhbrasil.com.br\/site\/new\/"},{"@type":"ListItem","position":2,"name":"\u00c1rea Restrita"}]},{"@type":"WebSite","@id":"https:\/\/srvwebde.rhbrasil.com.br\/site\/new\/#website","url":"https:\/\/srvwebde.rhbrasil.com.br\/site\/new\/","name":"RHBrasil","description":"Autonomia e Agilidade na contrata\u00e7\u00e3o","publisher":{"@id":"https:\/\/srvwebde.rhbrasil.com.br\/site\/new\/#organization"},"potentialAction":[{"@type":"SearchAction","target":{"@type":"EntryPoint","urlTemplate":"https:\/\/srvwebde.rhbrasil.com.br\/site\/new\/?s={search_term_string}"},"query-input":"required name=search_term_string"}],"inLanguage":"pt-PT"},{"@type":"Organization","@id":"https:\/\/srvwebde.rhbrasil.com.br\/site\/new\/#organization","name":"RHBrasil","url":"https:\/\/srvwebde.rhbrasil.com.br\/site\/new\/","logo":{"@type":"ImageObject","inLanguage":"pt-PT","@id":"https:\/\/srvwebde.rhbrasil.com.br\/site\/new\/#\/schema\/logo\/image\/","url":"http:\/\/srvwebde.rhbrasil.com.br\/site\/new\/wp-content\/uploads\/2022\/09\/logo_coloridorhbrasil.png","contentUrl":"http:\/\/srvwebde.rhbrasil.com.br\/site\/new\/wp-content\/uploads\/2022\/09\/logo_coloridorhbrasil.png","width":150,"height":43,"caption":"RHBrasil"},"image":{"@id":"https:\/\/srvwebde.rhbrasil.com.br\/site\/new\/#\/schema\/logo\/image\/"},"sameAs":["https:\/\/www.facebook.com\/gruporhbrasil\/"]}]}},"_links":{"self":[{"href":"http:\/\/srvwebde.rhbrasil.com.br\/site\/new\/wp-json\/wp\/v2\/pages\/1686"}],"collection":[{"href":"http:\/\/srvwebde.rhbrasil.com.br\/site\/new\/wp-json\/wp\/v2\/pages"}],"about":[{"href":"http:\/\/srvwebde.rhbrasil.com.br\/site\/new\/wp-json\/wp\/v2\/types\/page"}],"author":[{"embeddable":true,"href":"http:\/\/srvwebde.rhbrasil.com.br\/site\/new\/wp-json\/wp\/v2\/users\/1"}],"replies":[{"embeddable":true,"href":"http:\/\/srvwebde.rhbrasil.com.br\/site\/new\/wp-json\/wp\/v2\/comments?post=1686"}],"version-history":[{"count":80,"href":"http:\/\/srvwebde.rhbrasil.com.br\/site\/new\/wp-json\/wp\/v2\/pages\/1686\/revisions"}],"predecessor-version":[{"id":2638,"href":"http:\/\/srvwebde.rhbrasil.com.br\/site\/new\/wp-json\/wp\/v2\/pages\/1686\/revisions\/2638"}],"wp:attachment":[{"href":"http:\/\/srvwebde.rhbrasil.com.br\/site\/new\/wp-json\/wp\/v2\/media?parent=1686"}],"curies":[{"name":"wp","href":"https:\/\/api.w.org\/{rel}","templated":true}]}}