{"id":3033,"date":"2022-11-03T17:11:18","date_gmt":"2022-11-03T17:11:18","guid":{"rendered":"https:\/\/www.rhbrasil.com.br\/site\/new\/?page_id=3033"},"modified":"2023-09-22T14:27:54","modified_gmt":"2023-09-22T14:27:54","slug":"politicas-de-privacidade","status":"publish","type":"page","link":"http:\/\/srvwebde.rhbrasil.com.br\/site\/new\/politicas-de-privacidade\/","title":{"rendered":"Pol\u00edticas de Privacidade"},"content":{"rendered":"\t\t<div data-elementor-type=\"wp-page\" data-elementor-id=\"3033\" class=\"elementor elementor-3033\">\n\t\t\t\t\t\t\t\t\t<section class=\"elementor-section elementor-top-section elementor-element elementor-element-467e260c elementor-section-boxed elementor-section-height-default elementor-section-height-default\" data-id=\"467e260c\" data-element_type=\"section\">\n\t\t\t\t\t\t<div class=\"elementor-container elementor-column-gap-default\">\n\t\t\t\t\t<div class=\"elementor-column elementor-col-100 elementor-top-column elementor-element elementor-element-76d9ce6c\" data-id=\"76d9ce6c\" data-element_type=\"column\">\n\t\t\t<div class=\"elementor-widget-wrap elementor-element-populated\">\n\t\t\t\t\t\t\t\t<div class=\"elementor-element elementor-element-15348849 elementor-widget elementor-widget-html\" data-id=\"15348849\" data-element_type=\"widget\" data-widget_type=\"html.default\">\n\t\t\t\t<div class=\"elementor-widget-container\">\n\t\t\t<h2 style=\"box-sizing: border-box; margin: 0px; line-height: 1.2; font-size: 20px; letter-spacing: -0.05em; color: #576d96; padding-bottom: 20px; font-family: Montserrat, sans-serif; background-color: #ffffff;\">Pol&iacute;tica Privacidade<\/h2><p style=\"box-sizing: border-box; margin-top: 0px; margin-bottom: 1rem; font-size: 16px; color: #576d96; font-family: Montserrat, sans-serif; background-color: #ffffff;\">A sua privacidade &eacute; importante para n&oacute;s. &Eacute; pol&iacute;tica do RHBrasil.com.br respeitar a sua privacidade em rela&ccedil;&atilde;o a qualquer informa&ccedil;&atilde;o sua que possamos coletar no site <a href=\"rhbrasil.com.br\">RHBrasil.com.br<\/a>, e outros sites que possu&iacute;mos e operamos.<\/p><p style=\"box-sizing: border-box; margin-top: 0px; margin-bottom: 1rem; font-size: 16px; color: #576d96; font-family: Montserrat, sans-serif; background-color: #ffffff;\">Solicitamos informa&ccedil;&otilde;es pessoais apenas quando realmente precisamos delas para lhe fornecer um servi&ccedil;o. Fazemo-lo por meios justos e legais, com o seu conhecimento e consentimento. Tamb&eacute;m informamos por que estamos coletando e como ser&aacute; usado.<\/p><p style=\"box-sizing: border-box; margin-top: 0px; margin-bottom: 1rem; font-size: 16px; color: #576d96; font-family: Montserrat, sans-serif; background-color: #ffffff;\">Apenas retemos as informa&ccedil;&otilde;es coletadas pelo tempo necess&aacute;rio para fornecer o servi&ccedil;o solicitado. Quando armazenamos dados, protegemos dentro de meios comercialmente aceit&aacute;veis \u200b\u200bpara evitar perdas e roubos, bem como acesso, divulga&ccedil;&atilde;o, c&oacute;pia, uso ou modifica&ccedil;&atilde;o n&atilde;o autorizados.<\/p><p style=\"box-sizing: border-box; margin-top: 0px; margin-bottom: 1rem; font-size: 16px; color: #576d96; font-family: Montserrat, sans-serif; background-color: #ffffff;\">N&atilde;o compartilhamos informa&ccedil;&otilde;es de identifica&ccedil;&atilde;o pessoal publicamente ou com terceiros, exceto quando exigido por lei.<\/p><p style=\"box-sizing: border-box; margin-top: 0px; margin-bottom: 1rem; font-size: 16px; color: #576d96; font-family: Montserrat, sans-serif; background-color: #ffffff;\">O nosso site pode ter links para sites externos que n&atilde;o s&atilde;o operados por n&oacute;s. Esteja ciente de que n&atilde;o temos controle sobre o conte&uacute;do e pr&aacute;ticas desses sites e n&atilde;o podemos aceitar responsabilidade por suas respectivas&nbsp;<a style=\"box-sizing: border-box; color: #055af9; text-decoration-line: none; background-color: transparent;\" href=\"https:\/\/politicaprivacidade.com\/\" target=\"_BLANK\">pol&iacute;ticas de privacidade<\/a>.<\/p><p style=\"box-sizing: border-box; margin-top: 0px; margin-bottom: 1rem; font-size: 16px; color: #576d96; font-family: Montserrat, sans-serif; background-color: #ffffff;\">Voc&ecirc; &eacute; livre para recusar a nossa solicita&ccedil;&atilde;o de informa&ccedil;&otilde;es pessoais, entendendo que talvez n&atilde;o possamos fornecer alguns dos servi&ccedil;os desejados.<\/p><p style=\"box-sizing: border-box; margin-top: 0px; margin-bottom: 1rem; font-size: 16px; color: #576d96; font-family: Montserrat, sans-serif; background-color: #ffffff;\">O uso continuado de nosso site ser&aacute; considerado como aceita&ccedil;&atilde;o de nossas pr&aacute;ticas em torno de privacidade e informa&ccedil;&otilde;es pessoais. Se voc&ecirc; tiver alguma d&uacute;vida sobre como lidamos com dados do usu&aacute;rio e informa&ccedil;&otilde;es pessoais, entre em contacto connosco.<\/p><p style=\"box-sizing: border-box; margin-top: 0px; margin-bottom: 1rem; font-size: 16px; color: #576d96; font-family: Montserrat, sans-serif; background-color: #ffffff;\"><h2 style=\"box-sizing: border-box; margin: 0px; line-height: 1.2; font-size: 20px; letter-spacing: -0.05em; color: #576d96; padding-bottom: 20px; font-family: Montserrat, sans-serif; background-color: #ffffff;\">Pol&iacute;tica de Cookies RHBrasil.com.br<\/h2><h3 style=\"box-sizing: border-box; margin: 0px 0px 20px; line-height: 1.2; font-size: 16px; letter-spacing: -0.05em; color: #576d96; font-family: Montserrat, sans-serif; background-color: #ffffff;\">O que s&atilde;o cookies?<\/h3><p style=\"font-size: 16px; box-sizing: border-box; margin-top: 0px; margin-bottom: 1rem; color: #576d96; font-family: Montserrat, sans-serif; background-color: #ffffff;\">Como &eacute; pr&aacute;tica comum em quase todos os sites profissionais, este site usa cookies, que s&atilde;o pequenos arquivos baixados no seu computador, para melhorar sua experi&ecirc;ncia. Esta p&aacute;gina descreve quais informa&ccedil;&otilde;es eles coletam, como as usamos e por que &agrave;s vezes precisamos armazenar esses cookies. Tamb&eacute;m compartilharemos como voc&ecirc; pode impedir que esses cookies sejam armazenados, no entanto, isso pode fazer o downgrade ou 'quebrar' certos elementos da funcionalidade do site.<\/p><h3 style=\"box-sizing: border-box; margin: 0px 0px 20px; line-height: 1.2; font-size: 16px; letter-spacing: -0.05em; color: #576d96; font-family: Montserrat, sans-serif; background-color: #ffffff;\">Como usamos os cookies?<\/h3><p style=\"font-size: 16px; box-sizing: border-box; margin-top: 0px; margin-bottom: 1rem; color: #576d96; font-family: Montserrat, sans-serif; background-color: #ffffff;\">Utilizamos cookies por v&aacute;rios motivos, detalhados abaixo. Infelizmente, na maioria dos casos, n&atilde;o existem op&ccedil;&otilde;es padr&atilde;o do setor para desativar os cookies sem desativar completamente a funcionalidade e os recursos que eles adicionam a este site. &Eacute; recomend&aacute;vel que voc&ecirc; deixe todos os cookies se n&atilde;o tiver certeza se precisa ou n&atilde;o deles, caso sejam usados \u200b\u200bpara fornecer um servi&ccedil;o que voc&ecirc; usa.<\/p><h3 style=\"box-sizing: border-box; margin: 0px 0px 20px; line-height: 1.2; font-size: 16px; letter-spacing: -0.05em; color: #576d96; font-family: Montserrat, sans-serif; background-color: #ffffff;\">Desativar cookies<\/h3><p style=\"font-size: 16px; box-sizing: border-box; margin-top: 0px; margin-bottom: 1rem; color: #576d96; font-family: Montserrat, sans-serif; background-color: #ffffff;\">Voc&ecirc; pode impedir a configura&ccedil;&atilde;o de cookies ajustando as configura&ccedil;&otilde;es do seu navegador (consulte a Ajuda do navegador para saber como fazer isso). Esteja ciente de que a desativa&ccedil;&atilde;o de cookies afetar&aacute; a funcionalidade deste e de muitos outros sites que voc&ecirc; visita. A desativa&ccedil;&atilde;o de cookies geralmente resultar&aacute; na desativa&ccedil;&atilde;o de determinadas funcionalidades e recursos deste site. Portanto, &eacute; recomend&aacute;vel que voc&ecirc; n&atilde;o desative os cookies.<\/p><h3 style=\"box-sizing: border-box; margin: 0px 0px 20px; line-height: 1.2; font-size: 16px; letter-spacing: -0.05em; color: #576d96; font-family: Montserrat, sans-serif; background-color: #ffffff;\">Cookies que definimos<\/h3><ul style=\"font-size: 16px; box-sizing: border-box; margin-top: 0px; margin-bottom: 1rem; color: #576d96; font-family: Montserrat, sans-serif; background-color: #ffffff;\"><li style=\"box-sizing: border-box;\">Cookies relacionados &agrave; conta<br style=\"box-sizing: border-box;\" \/><br style=\"box-sizing: border-box;\" \/>Se voc&ecirc; criar uma conta connosco, usaremos cookies para o gerenciamento do processo de inscri&ccedil;&atilde;o e administra&ccedil;&atilde;o geral. Esses cookies geralmente ser&atilde;o exclu&iacute;dos quando voc&ecirc; sair do sistema, por&eacute;m, em alguns casos, eles poder&atilde;o permanecer posteriormente para lembrar as prefer&ecirc;ncias do seu site ao sair.<br style=\"box-sizing: border-box;\" \/><br style=\"box-sizing: border-box;\" \/><\/li><li style=\"box-sizing: border-box;\">Cookies relacionados ao login<br style=\"box-sizing: border-box;\" \/><br style=\"box-sizing: border-box;\" \/>Utilizamos cookies quando voc&ecirc; est&aacute; logado, para que possamos lembrar dessa a&ccedil;&atilde;o. Isso evita que voc&ecirc; precise fazer login sempre que visitar uma nova p&aacute;gina. Esses cookies s&atilde;o normalmente removidos ou limpos quando voc&ecirc; efetua logout para garantir que voc&ecirc; possa acessar apenas a recursos e &aacute;reas restritas ao efetuar login.<br style=\"box-sizing: border-box;\" \/><br style=\"box-sizing: border-box;\" \/><\/li><li style=\"box-sizing: border-box;\">Cookies relacionados a boletins por e-mail<br style=\"box-sizing: border-box;\" \/><br style=\"box-sizing: border-box;\" \/>Este site oferece servi&ccedil;os de assinatura de boletim informativo ou e-mail e os cookies podem ser usados \u200b\u200bpara lembrar se voc&ecirc; j&aacute; est&aacute; registrado e se deve mostrar determinadas notifica&ccedil;&otilde;es v&aacute;lidas apenas para usu&aacute;rios inscritos \/ n&atilde;o inscritos.<br style=\"box-sizing: border-box;\" \/><br style=\"box-sizing: border-box;\" \/><\/li><li style=\"box-sizing: border-box;\">Pedidos processando cookies relacionados<br style=\"box-sizing: border-box;\" \/><br style=\"box-sizing: border-box;\" \/>Este site oferece facilidades de com&eacute;rcio eletr&ocirc;nico ou pagamento e alguns cookies s&atilde;o essenciais para garantir que seu pedido seja lembrado entre as p&aacute;ginas, para que possamos process&aacute;-lo adequadamente.<br style=\"box-sizing: border-box;\" \/><br style=\"box-sizing: border-box;\" \/><\/li><li style=\"box-sizing: border-box;\">Cookies relacionados a pesquisas<br style=\"box-sizing: border-box;\" \/><br style=\"box-sizing: border-box;\" \/>Periodicamente, oferecemos pesquisas e question&aacute;rios para fornecer informa&ccedil;&otilde;es interessantes, ferramentas &uacute;teis ou para entender nossa base de usu&aacute;rios com mais precis&atilde;o. Essas pesquisas podem usar cookies para lembrar quem j&aacute; participou numa pesquisa ou para fornecer resultados precisos ap&oacute;s a altera&ccedil;&atilde;o das p&aacute;ginas.<br style=\"box-sizing: border-box;\" \/><br style=\"box-sizing: border-box;\" \/><\/li><li style=\"box-sizing: border-box;\">Cookies relacionados a formul&aacute;rios<br style=\"box-sizing: border-box;\" \/><br style=\"box-sizing: border-box;\" \/>Quando voc&ecirc; envia dados por meio de um formul&aacute;rio como os encontrados nas p&aacute;ginas de contacto ou nos formul&aacute;rios de coment&aacute;rios, os cookies podem ser configurados para lembrar os detalhes do usu&aacute;rio para correspond&ecirc;ncia futura.<br style=\"box-sizing: border-box;\" \/><br style=\"box-sizing: border-box;\" \/><\/li><li style=\"box-sizing: border-box;\">Cookies de prefer&ecirc;ncias do site<br style=\"box-sizing: border-box;\" \/><br style=\"box-sizing: border-box;\" \/>Para proporcionar uma &oacute;tima experi&ecirc;ncia neste site, fornecemos a funcionalidade para definir suas prefer&ecirc;ncias de como esse site &eacute; executado quando voc&ecirc; o usa. Para lembrar suas prefer&ecirc;ncias, precisamos definir cookies para que essas informa&ccedil;&otilde;es possam ser chamadas sempre que voc&ecirc; interagir com uma p&aacute;gina for afetada por suas prefer&ecirc;ncias.<\/li><\/ul><h3 style=\"box-sizing: border-box; margin: 0px 0px 20px; line-height: 1.2; font-size: 16px; letter-spacing: -0.05em; color: #576d96; font-family: Montserrat, sans-serif; background-color: #ffffff;\">Cookies de Terceiros<\/h3><p style=\"font-size: 16px; box-sizing: border-box; margin-top: 0px; margin-bottom: 1rem; color: #576d96; font-family: Montserrat, sans-serif; background-color: #ffffff;\">Em alguns casos especiais, tamb&eacute;m usamos cookies fornecidos por terceiros confi&aacute;veis. A se&ccedil;&atilde;o a seguir detalha quais cookies de terceiros voc&ecirc; pode encontrar atrav&eacute;s deste site.<\/p><ul style=\"font-size: 16px; box-sizing: border-box; margin-top: 0px; margin-bottom: 1rem; color: #576d96; font-family: Montserrat, sans-serif; background-color: #ffffff;\"><li style=\"box-sizing: border-box;\">Este site usa o Google Analytics, que &eacute; uma das solu&ccedil;&otilde;es de an&aacute;lise mais difundidas e confi&aacute;veis \u200b\u200bda Web, para nos ajudar a entender como voc&ecirc; usa o site e como podemos melhorar sua experi&ecirc;ncia. Esses cookies podem rastrear itens como quanto tempo voc&ecirc; gasta no site e as p&aacute;ginas visitadas, para que possamos continuar produzindo conte&uacute;do atraente.<\/li><\/ul><p style=\"font-size: 16px; box-sizing: border-box; margin-top: 0px; margin-bottom: 1rem; color: #576d96; font-family: Montserrat, sans-serif; background-color: #ffffff;\">Para mais informa&ccedil;&otilde;es sobre cookies do Google Analytics, consulte a p&aacute;gina oficial do Google Analytics.<\/p><ul style=\"font-size: 16px; box-sizing: border-box; margin-top: 0px; margin-bottom: 1rem; color: #576d96; font-family: Montserrat, sans-serif; background-color: #ffffff;\"><li style=\"box-sizing: border-box;\">As an&aacute;lises de terceiros s&atilde;o usadas para rastrear e medir o uso deste site, para que possamos continuar produzindo conte&uacute;do atrativo. Esses cookies podem rastrear itens como o tempo que voc&ecirc; passa no site ou as p&aacute;ginas visitadas, o que nos ajuda a entender como podemos melhorar o site para voc&ecirc;.<\/li><li style=\"box-sizing: border-box;\">Periodicamente, testamos novos recursos e fazemos altera&ccedil;&otilde;es subtis na maneira como o site se apresenta. Quando ainda estamos testando novos recursos, esses cookies podem ser usados \u200b\u200bpara garantir que voc&ecirc; receba uma experi&ecirc;ncia consistente enquanto estiver no site, enquanto entendemos quais otimiza&ccedil;&otilde;es os nossos usu&aacute;rios mais apreciam.<\/li><li style=\"box-sizing: border-box;\">&Agrave; medida que vendemos produtos, &eacute; importante entendermos as estat&iacute;sticas sobre quantos visitantes de nosso site realmente compram e, portanto, esse &eacute; o tipo de dados que esses cookies rastrear&atilde;o. Isso &eacute; importante para voc&ecirc;, pois significa que podemos fazer previs&otilde;es de neg&oacute;cios com precis&atilde;o que nos permitem analizar nossos custos de publicidade e produtos para garantir o melhor pre&ccedil;o poss&iacute;vel.<\/li><\/ul><p><\/p><\/p><h3 style=\"box-sizing: border-box; margin: 0px 0px 20px; line-height: 1.2; font-size: 16px; letter-spacing: -0.05em; color: #576d96; font-family: Montserrat, sans-serif; background-color: #ffffff;\">Compromisso do Usu&aacute;rio<\/h3><p style=\"box-sizing: border-box; margin-top: 0px; margin-bottom: 1rem; font-size: 16px; color: #576d96; font-family: Montserrat, sans-serif; background-color: #ffffff;\">O usu&aacute;rio se compromete a fazer uso adequado dos conte&uacute;dos e da informa&ccedil;&atilde;o que o RHBrasil.com.br oferece no site e com car&aacute;ter enunciativo, mas n&atilde;o limitativo:<\/p><ul style=\"box-sizing: border-box; margin-top: 0px; margin-bottom: 1rem; color: #576d96; font-family: Montserrat, sans-serif; font-size: 16px; background-color: #ffffff;\"><li style=\"box-sizing: border-box;\">A) N&atilde;o se envolver em atividades que sejam ilegais ou contr&aacute;rias &agrave; boa f&eacute; a &agrave; ordem p&uacute;blica;<\/li><li style=\"box-sizing: border-box;\">B) N&atilde;o difundir propaganda ou conte&uacute;do de natureza racista, xenof&oacute;bica, <a href='https:\/\/apostasonline.guru\/' rel='nofollow' target='_BLANK' style='color:inherit !important; text-decoration: none !important; font-size: inherit !important;'>casas de apostas<\/a> ou azar, qualquer tipo de pornografia ilegal, de apologia ao terrorismo ou contra os direitos humanos;<\/li><li style=\"box-sizing: border-box;\">C) N&atilde;o causar danos aos sistemas f&iacute;sicos (hardwares) e l&oacute;gicos (softwares) do RHBrasil.com.br, de seus fornecedores ou terceiros, para introduzir ou disseminar v&iacute;rus inform&aacute;ticos ou quaisquer outros sistemas de hardware ou software que sejam capazes de causar danos anteriormente mencionados.<\/li><\/ul><h3 style=\"box-sizing: border-box; margin: 0px 0px 20px; line-height: 1.2; font-size: 16px; letter-spacing: -0.05em; color: #576d96; font-family: Montserrat, sans-serif; background-color: #ffffff;\">Mais informa&ccedil;&otilde;es<\/h3><p style=\"box-sizing: border-box; margin-top: 0px; margin-bottom: 1rem; font-size: 16px; color: #576d96; font-family: Montserrat, sans-serif; background-color: #ffffff;\">Esperemos que esteja esclarecido e, como mencionado anteriormente, se houver algo que voc&ecirc; n&atilde;o tem certeza se precisa ou n&atilde;o, geralmente &eacute; mais seguro deixar os cookies ativados, caso interaja com um dos recursos que voc&ecirc; usa em nosso site.<\/p><p style=\"box-sizing: border-box; margin-top: 0px; margin-bottom: 1rem; font-size: 16px; color: #576d96; font-family: Montserrat, sans-serif; background-color: #ffffff;\"><\/p>\t\t<\/div>\n\t\t\t\t<\/div>\n\t\t\t\t\t<\/div>\n\t\t<\/div>\n\t\t\t\t\t\t\t<\/div>\n\t\t<\/section>\n\t\t\t\t\t\t\t<\/div>\n\t\t","protected":false},"excerpt":{"rendered":"<p>Pol\u00edtica Privacidade A sua privacidade \u00e9 importante para n\u00f3s. \u00c9 pol\u00edtica do RHBrasil.com.br respeitar a sua privacidade em rela\u00e7\u00e3o a qualquer informa\u00e7\u00e3o sua que possamos coletar no site RHBrasil.com.br, e outros sites que possu\u00edmos e operamos. Solicitamos informa\u00e7\u00f5es pessoais apenas quando realmente precisamos delas para lhe fornecer um servi\u00e7o. Fazemo-lo por meios justos e legais, [&hellip;]<\/p>\n","protected":false},"author":1,"featured_media":0,"parent":0,"menu_order":0,"comment_status":"closed","ping_status":"closed","template":"elementor_header_footer","meta":[],"yoast_head":"<!-- This site is optimized with the Yoast SEO plugin v20.1 - https:\/\/yoast.com\/wordpress\/plugins\/seo\/ -->\n<title>Pol\u00edticas de Privacidade - RHBrasil<\/title>\n<meta name=\"robots\" content=\"index, follow, max-snippet:-1, max-image-preview:large, max-video-preview:-1\" \/>\n<link rel=\"canonical\" href=\"http:\/\/srvwebde.rhbrasil.com.br\/site\/new\/politicas-de-privacidade\/\" \/>\n<meta property=\"og:locale\" content=\"pt_PT\" \/>\n<meta property=\"og:type\" content=\"article\" \/>\n<meta property=\"og:title\" content=\"Pol\u00edticas de Privacidade - RHBrasil\" \/>\n<meta property=\"og:description\" content=\"Pol\u00edtica Privacidade A sua privacidade \u00e9 importante para n\u00f3s. \u00c9 pol\u00edtica do RHBrasil.com.br respeitar a sua privacidade em rela\u00e7\u00e3o a qualquer informa\u00e7\u00e3o sua que possamos coletar no site RHBrasil.com.br, e outros sites que possu\u00edmos e operamos. Solicitamos informa\u00e7\u00f5es pessoais apenas quando realmente precisamos delas para lhe fornecer um servi\u00e7o. Fazemo-lo por meios justos e legais, [&hellip;]\" \/>\n<meta property=\"og:url\" content=\"http:\/\/srvwebde.rhbrasil.com.br\/site\/new\/politicas-de-privacidade\/\" \/>\n<meta property=\"og:site_name\" content=\"RHBrasil\" \/>\n<meta property=\"article:publisher\" content=\"https:\/\/www.facebook.com\/gruporhbrasil\/\" \/>\n<meta property=\"article:modified_time\" content=\"2023-09-22T14:27:54+00:00\" \/>\n<meta name=\"twitter:card\" content=\"summary_large_image\" \/>\n<meta name=\"twitter:label1\" content=\"Est. reading time\" \/>\n\t<meta name=\"twitter:data1\" content=\"7 minutos\" \/>\n<script type=\"application\/ld+json\" class=\"yoast-schema-graph\">{\"@context\":\"https:\/\/schema.org\",\"@graph\":[{\"@type\":\"WebPage\",\"@id\":\"http:\/\/srvwebde.rhbrasil.com.br\/site\/new\/politicas-de-privacidade\/\",\"url\":\"http:\/\/srvwebde.rhbrasil.com.br\/site\/new\/politicas-de-privacidade\/\",\"name\":\"Pol\u00edticas de Privacidade - RHBrasil\",\"isPartOf\":{\"@id\":\"https:\/\/srvwebde.rhbrasil.com.br\/site\/new\/#website\"},\"datePublished\":\"2022-11-03T17:11:18+00:00\",\"dateModified\":\"2023-09-22T14:27:54+00:00\",\"breadcrumb\":{\"@id\":\"http:\/\/srvwebde.rhbrasil.com.br\/site\/new\/politicas-de-privacidade\/#breadcrumb\"},\"inLanguage\":\"pt-PT\",\"potentialAction\":[{\"@type\":\"ReadAction\",\"target\":[\"http:\/\/srvwebde.rhbrasil.com.br\/site\/new\/politicas-de-privacidade\/\"]}]},{\"@type\":\"BreadcrumbList\",\"@id\":\"http:\/\/srvwebde.rhbrasil.com.br\/site\/new\/politicas-de-privacidade\/#breadcrumb\",\"itemListElement\":[{\"@type\":\"ListItem\",\"position\":1,\"name\":\"Home\",\"item\":\"https:\/\/srvwebde.rhbrasil.com.br\/site\/new\/\"},{\"@type\":\"ListItem\",\"position\":2,\"name\":\"Pol\u00edticas de Privacidade\"}]},{\"@type\":\"WebSite\",\"@id\":\"https:\/\/srvwebde.rhbrasil.com.br\/site\/new\/#website\",\"url\":\"https:\/\/srvwebde.rhbrasil.com.br\/site\/new\/\",\"name\":\"RHBrasil\",\"description\":\"Autonomia e Agilidade na contrata\u00e7\u00e3o\",\"publisher\":{\"@id\":\"https:\/\/srvwebde.rhbrasil.com.br\/site\/new\/#organization\"},\"potentialAction\":[{\"@type\":\"SearchAction\",\"target\":{\"@type\":\"EntryPoint\",\"urlTemplate\":\"https:\/\/srvwebde.rhbrasil.com.br\/site\/new\/?s={search_term_string}\"},\"query-input\":\"required name=search_term_string\"}],\"inLanguage\":\"pt-PT\"},{\"@type\":\"Organization\",\"@id\":\"https:\/\/srvwebde.rhbrasil.com.br\/site\/new\/#organization\",\"name\":\"RHBrasil\",\"url\":\"https:\/\/srvwebde.rhbrasil.com.br\/site\/new\/\",\"logo\":{\"@type\":\"ImageObject\",\"inLanguage\":\"pt-PT\",\"@id\":\"https:\/\/srvwebde.rhbrasil.com.br\/site\/new\/#\/schema\/logo\/image\/\",\"url\":\"http:\/\/srvwebde.rhbrasil.com.br\/site\/new\/wp-content\/uploads\/2022\/09\/logo_coloridorhbrasil.png\",\"contentUrl\":\"http:\/\/srvwebde.rhbrasil.com.br\/site\/new\/wp-content\/uploads\/2022\/09\/logo_coloridorhbrasil.png\",\"width\":150,\"height\":43,\"caption\":\"RHBrasil\"},\"image\":{\"@id\":\"https:\/\/srvwebde.rhbrasil.com.br\/site\/new\/#\/schema\/logo\/image\/\"},\"sameAs\":[\"https:\/\/www.facebook.com\/gruporhbrasil\/\"]}]}<\/script>\n<!-- \/ Yoast SEO plugin. -->","yoast_head_json":{"title":"Pol\u00edticas de Privacidade - RHBrasil","robots":{"index":"index","follow":"follow","max-snippet":"max-snippet:-1","max-image-preview":"max-image-preview:large","max-video-preview":"max-video-preview:-1"},"canonical":"http:\/\/srvwebde.rhbrasil.com.br\/site\/new\/politicas-de-privacidade\/","og_locale":"pt_PT","og_type":"article","og_title":"Pol\u00edticas de Privacidade - RHBrasil","og_description":"Pol\u00edtica Privacidade A sua privacidade \u00e9 importante para n\u00f3s. \u00c9 pol\u00edtica do RHBrasil.com.br respeitar a sua privacidade em rela\u00e7\u00e3o a qualquer informa\u00e7\u00e3o sua que possamos coletar no site RHBrasil.com.br, e outros sites que possu\u00edmos e operamos. Solicitamos informa\u00e7\u00f5es pessoais apenas quando realmente precisamos delas para lhe fornecer um servi\u00e7o. Fazemo-lo por meios justos e legais, [&hellip;]","og_url":"http:\/\/srvwebde.rhbrasil.com.br\/site\/new\/politicas-de-privacidade\/","og_site_name":"RHBrasil","article_publisher":"https:\/\/www.facebook.com\/gruporhbrasil\/","article_modified_time":"2023-09-22T14:27:54+00:00","twitter_card":"summary_large_image","twitter_misc":{"Est. reading time":"7 minutos"},"schema":{"@context":"https:\/\/schema.org","@graph":[{"@type":"WebPage","@id":"http:\/\/srvwebde.rhbrasil.com.br\/site\/new\/politicas-de-privacidade\/","url":"http:\/\/srvwebde.rhbrasil.com.br\/site\/new\/politicas-de-privacidade\/","name":"Pol\u00edticas de Privacidade - RHBrasil","isPartOf":{"@id":"https:\/\/srvwebde.rhbrasil.com.br\/site\/new\/#website"},"datePublished":"2022-11-03T17:11:18+00:00","dateModified":"2023-09-22T14:27:54+00:00","breadcrumb":{"@id":"http:\/\/srvwebde.rhbrasil.com.br\/site\/new\/politicas-de-privacidade\/#breadcrumb"},"inLanguage":"pt-PT","potentialAction":[{"@type":"ReadAction","target":["http:\/\/srvwebde.rhbrasil.com.br\/site\/new\/politicas-de-privacidade\/"]}]},{"@type":"BreadcrumbList","@id":"http:\/\/srvwebde.rhbrasil.com.br\/site\/new\/politicas-de-privacidade\/#breadcrumb","itemListElement":[{"@type":"ListItem","position":1,"name":"Home","item":"https:\/\/srvwebde.rhbrasil.com.br\/site\/new\/"},{"@type":"ListItem","position":2,"name":"Pol\u00edticas de Privacidade"}]},{"@type":"WebSite","@id":"https:\/\/srvwebde.rhbrasil.com.br\/site\/new\/#website","url":"https:\/\/srvwebde.rhbrasil.com.br\/site\/new\/","name":"RHBrasil","description":"Autonomia e Agilidade na contrata\u00e7\u00e3o","publisher":{"@id":"https:\/\/srvwebde.rhbrasil.com.br\/site\/new\/#organization"},"potentialAction":[{"@type":"SearchAction","target":{"@type":"EntryPoint","urlTemplate":"https:\/\/srvwebde.rhbrasil.com.br\/site\/new\/?s={search_term_string}"},"query-input":"required name=search_term_string"}],"inLanguage":"pt-PT"},{"@type":"Organization","@id":"https:\/\/srvwebde.rhbrasil.com.br\/site\/new\/#organization","name":"RHBrasil","url":"https:\/\/srvwebde.rhbrasil.com.br\/site\/new\/","logo":{"@type":"ImageObject","inLanguage":"pt-PT","@id":"https:\/\/srvwebde.rhbrasil.com.br\/site\/new\/#\/schema\/logo\/image\/","url":"http:\/\/srvwebde.rhbrasil.com.br\/site\/new\/wp-content\/uploads\/2022\/09\/logo_coloridorhbrasil.png","contentUrl":"http:\/\/srvwebde.rhbrasil.com.br\/site\/new\/wp-content\/uploads\/2022\/09\/logo_coloridorhbrasil.png","width":150,"height":43,"caption":"RHBrasil"},"image":{"@id":"https:\/\/srvwebde.rhbrasil.com.br\/site\/new\/#\/schema\/logo\/image\/"},"sameAs":["https:\/\/www.facebook.com\/gruporhbrasil\/"]}]}},"_links":{"self":[{"href":"http:\/\/srvwebde.rhbrasil.com.br\/site\/new\/wp-json\/wp\/v2\/pages\/3033"}],"collection":[{"href":"http:\/\/srvwebde.rhbrasil.com.br\/site\/new\/wp-json\/wp\/v2\/pages"}],"about":[{"href":"http:\/\/srvwebde.rhbrasil.com.br\/site\/new\/wp-json\/wp\/v2\/types\/page"}],"author":[{"embeddable":true,"href":"http:\/\/srvwebde.rhbrasil.com.br\/site\/new\/wp-json\/wp\/v2\/users\/1"}],"replies":[{"embeddable":true,"href":"http:\/\/srvwebde.rhbrasil.com.br\/site\/new\/wp-json\/wp\/v2\/comments?post=3033"}],"version-history":[{"count":6,"href":"http:\/\/srvwebde.rhbrasil.com.br\/site\/new\/wp-json\/wp\/v2\/pages\/3033\/revisions"}],"predecessor-version":[{"id":3572,"href":"http:\/\/srvwebde.rhbrasil.com.br\/site\/new\/wp-json\/wp\/v2\/pages\/3033\/revisions\/3572"}],"wp:attachment":[{"href":"http:\/\/srvwebde.rhbrasil.com.br\/site\/new\/wp-json\/wp\/v2\/media?parent=3033"}],"curies":[{"name":"wp","href":"https:\/\/api.w.org\/{rel}","templated":true}]}}